{"id":2131,"date":"2020-10-16T20:41:04","date_gmt":"2020-10-16T17:41:04","guid":{"rendered":"http:\/\/www.uhukder.com\/demo\/?page_id=2131"},"modified":"2020-10-16T20:46:53","modified_gmt":"2020-10-16T17:46:53","slug":"videolar","status":"publish","type":"page","link":"https:\/\/www.uhukder.com\/index.php\/videolar\/","title":{"rendered":"Videolar"},"content":{"rendered":"<p>[vc_row][vc_column][vc_column_text css=&#8221;.vc_custom_1602870413055{padding-top: 50px !important;padding-bottom: 50px !important;}&#8221;]<\/p>\n<p>Yap\u0131m a\u015famas\u0131nda<\/p>\n\n<p>&nbsp;<\/p>\n<p>[\/vc_column_text][\/vc_column][\/vc_row][vc_row css=&#8221;.vc_custom_1602870209316{margin-bottom: 50px !important;}&#8221;][vc_column][vc_gallery type=&#8221;image_grid&#8221; images=&#8221;2092&#8243; img_size=&#8221;large&#8221;][\/vc_column][\/vc_row]<\/p>\n","protected":false},"excerpt":{"rendered":"<p>[vc_row][vc_column][vc_column_text css=&#8221;.vc_custom_1602870413055{padding-top: 50px !important;padding-bottom: 50px !important;}&#8221;] Yap\u0131m a\u015famas\u0131nda &nbsp; [\/vc_column_text][\/vc_column][\/vc_row][vc_row css=&#8221;.vc_custom_1602870209316{margin-bottom: 50px !important;}&#8221;][vc_column][vc_gallery type=&#8221;image_grid&#8221; images=&#8221;2092&#8243; img_size=&#8221;large&#8221;][\/vc_column][\/vc_row]<\/p>\n","protected":false},"author":1,"featured_media":0,"parent":0,"menu_order":0,"comment_status":"closed","ping_status":"closed","template":"tpl\/page_fullwidth.php","meta":[],"_links":{"self":[{"href":"https:\/\/www.uhukder.com\/index.php\/wp-json\/wp\/v2\/pages\/2131"}],"collection":[{"href":"https:\/\/www.uhukder.com\/index.php\/wp-json\/wp\/v2\/pages"}],"about":[{"href":"https:\/\/www.uhukder.com\/index.php\/wp-json\/wp\/v2\/types\/page"}],"author":[{"embeddable":true,"href":"https:\/\/www.uhukder.com\/index.php\/wp-json\/wp\/v2\/users\/1"}],"replies":[{"embeddable":true,"href":"https:\/\/www.uhukder.com\/index.php\/wp-json\/wp\/v2\/comments?post=2131"}],"version-history":[{"count":4,"href":"https:\/\/www.uhukder.com\/index.php\/wp-json\/wp\/v2\/pages\/2131\/revisions"}],"predecessor-version":[{"id":2139,"href":"https:\/\/www.uhukder.com\/index.php\/wp-json\/wp\/v2\/pages\/2131\/revisions\/2139"}],"wp:attachment":[{"href":"https:\/\/www.uhukder.com\/index.php\/wp-json\/wp\/v2\/media?parent=2131"}],"curies":[{"name":"wp","href":"https:\/\/api.w.org\/{rel}","templated":true}]}}