{"id":2126,"date":"2020-10-16T20:35:21","date_gmt":"2020-10-16T17:35:21","guid":{"rendered":"http:\/\/www.uhukder.com\/demo\/?page_id=2126"},"modified":"2020-10-16T20:46:29","modified_gmt":"2020-10-16T17:46:29","slug":"fotograflar","status":"publish","type":"page","link":"https:\/\/www.uhukder.com\/index.php\/fotograflar\/","title":{"rendered":"Foto\u011fraflar"},"content":{"rendered":"<p>[vc_row css=&#8221;.vc_custom_1602870386784{padding-top: 50px !important;padding-bottom: 50px !important;}&#8221;][vc_column][vc_column_text]Yap\u0131m a\u015famas\u0131nda<\/p>\n<p>[\/vc_column_text][\/vc_column][\/vc_row][vc_row css=&#8221;.vc_custom_1602870166423{margin-bottom: 50px !important;}&#8221;][vc_column][vc_gallery type=&#8221;image_grid&#8221; images=&#8221;2019&#8243; img_size=&#8221;large&#8221;][\/vc_column][\/vc_row]<\/p>\n","protected":false},"excerpt":{"rendered":"<p>[vc_row css=&#8221;.vc_custom_1602870386784{padding-top: 50px !important;padding-bottom: 50px !important;}&#8221;][vc_column][vc_column_text]Yap\u0131m a\u015famas\u0131nda [\/vc_column_text][\/vc_column][\/vc_row][vc_row css=&#8221;.vc_custom_1602870166423{margin-bottom: 50px !important;}&#8221;][vc_column][vc_gallery type=&#8221;image_grid&#8221; images=&#8221;2019&#8243; img_size=&#8221;large&#8221;][\/vc_column][\/vc_row]<\/p>\n","protected":false},"author":1,"featured_media":0,"parent":0,"menu_order":0,"comment_status":"closed","ping_status":"closed","template":"tpl\/page_fullwidth.php","meta":[],"_links":{"self":[{"href":"https:\/\/www.uhukder.com\/index.php\/wp-json\/wp\/v2\/pages\/2126"}],"collection":[{"href":"https:\/\/www.uhukder.com\/index.php\/wp-json\/wp\/v2\/pages"}],"about":[{"href":"https:\/\/www.uhukder.com\/index.php\/wp-json\/wp\/v2\/types\/page"}],"author":[{"embeddable":true,"href":"https:\/\/www.uhukder.com\/index.php\/wp-json\/wp\/v2\/users\/1"}],"replies":[{"embeddable":true,"href":"https:\/\/www.uhukder.com\/index.php\/wp-json\/wp\/v2\/comments?post=2126"}],"version-history":[{"count":5,"href":"https:\/\/www.uhukder.com\/index.php\/wp-json\/wp\/v2\/pages\/2126\/revisions"}],"predecessor-version":[{"id":2138,"href":"https:\/\/www.uhukder.com\/index.php\/wp-json\/wp\/v2\/pages\/2126\/revisions\/2138"}],"wp:attachment":[{"href":"https:\/\/www.uhukder.com\/index.php\/wp-json\/wp\/v2\/media?parent=2126"}],"curies":[{"name":"wp","href":"https:\/\/api.w.org\/{rel}","templated":true}]}}