{"id":1821,"date":"2020-09-18T19:56:29","date_gmt":"2020-09-18T16:56:29","guid":{"rendered":"http:\/\/www.uhukder.com\/demo\/?page_id=1821"},"modified":"2023-08-30T17:40:15","modified_gmt":"2023-08-30T14:40:15","slug":"yonetim-kadrosu","status":"publish","type":"page","link":"https:\/\/www.uhukder.com\/index.php\/kurumsal\/yonetim-kadrosu\/","title":{"rendered":"Y\u00f6netim Kadrosu"},"content":{"rendered":"<p>[vc_row parallax_speed=&#8221;4&#8243; parallax_x=&#8221;4&#8243; parallax_y=&#8221;4&#8243; css=&#8221;.vc_custom_1601232855574{padding-top: 20px !important;padding-bottom: 40px !important;}&#8221;][vc_column]<div class=\"title-section  style3\">\n\t\t<h1 class=\"title\">\n\t\t\tAv. Saliha SASA\t\t\t\n\t\t<\/h1>\t\t\n\t\t\n\t\t\t<div class=\"title-content\">\n\t\t\t\t<p>&#8211; Y\u00d6NET\u0130M KURULU BA\u015eKANI &#8211;<\/p>\n\n\t\t\t<\/div>\n\n\t<\/div>[vc_column_text]<\/p>\n<p style=\"text-align: center;\">Mezuniyet; \u0130stanbul \u00dcniversitesi Hukuk Fak\u00fcltesi, 1987.<br \/>\nAvukat, Arabulucu, Arabuluculuk \u015eirketi kurucu orta\u011f\u0131.<br \/>\nSerbest Avukat, Arabulucu olarak mesleki faaliyetlerini y\u00fcr\u00fctmektedir.[\/vc_column_text][vc_separator css=&#8221;.vc_custom_1601232805036{padding-top: 50px !important;padding-bottom: 20px !important;}&#8221;][\/vc_column][\/vc_row][vc_row parallax_speed=&#8221;4&#8243; parallax_x=&#8221;4&#8243; parallax_y=&#8221;4&#8243; css=&#8221;.vc_custom_1601232855574{padding-top: 20px !important;padding-bottom: 40px !important;}&#8221;][vc_column]<div class=\"title-section  style3\">\n\t\t<h1 class=\"title\">\n\t\t\tAv. Hatice \u0130PEK\t\t\t\n\t\t<\/h1>\t\t\n\t\t\n\t\t\t<div class=\"title-content\">\n\t\t\t\t<p>&#8211; Y\u00d6NET\u0130M KURULU BA\u015eKAN YARDIMCISI &#8211;<\/p>\n\n\t\t\t<\/div>\n\n\t<\/div>[vc_column_text]<\/p>\n<p style=\"text-align: center;\">Mezuniyet; Ankara \u00dcniversitesi Hukuk Fak\u00fcltesi, 1987.<br \/>\nAvukat, Arabulucu, Arabuluculuk \u015eirketi Kurucu Orta\u011f\u0131.<br \/>\nSerbest Avukat, Arabulucu olarak mesleki faaliyetlerini y\u00fcr\u00fctmektedir.<\/p>\n<p>[\/vc_column_text][vc_separator css=&#8221;.vc_custom_1601232805036{padding-top: 50px !important;padding-bottom: 20px !important;}&#8221;][\/vc_column][\/vc_row][vc_row parallax_speed=&#8221;4&#8243; parallax_x=&#8221;4&#8243; parallax_y=&#8221;4&#8243; css=&#8221;.vc_custom_1601232855574{padding-top: 20px !important;padding-bottom: 40px !important;}&#8221;][vc_column]<div class=\"title-section  style3\">\n\t\t<h1 class=\"title\">\n\t\t\tAv. Ay\u015fe DO\u011eANG\u00dcZEL\t\t\t\n\t\t<\/h1>\t\t\n\t\t\n\t\t\t<div class=\"title-content\">\n\t\t\t\t<p>&#8211; Y\u00d6NET\u0130M KURULU GENEL SEKRETER\u0130 &#8211;<\/p>\n\n\t\t\t<\/div>\n\n\t<\/div>[vc_column_text]<\/p>\n<p style=\"text-align: center;\">Mezuniyet; Ankara \u00dcniversitesi Hukuk Fak\u00fcltesi, 1993.<br \/>\nAvukat.<br \/>\nKamu Kurumunda Avukat olarak mesleki faaliyetlerini y\u00fcr\u00fctmektedir.[\/vc_column_text][vc_separator css=&#8221;.vc_custom_1601232805036{padding-top: 50px !important;padding-bottom: 20px !important;}&#8221;][\/vc_column][\/vc_row][vc_row parallax_speed=&#8221;4&#8243; parallax_x=&#8221;4&#8243; parallax_y=&#8221;4&#8243; css=&#8221;.vc_custom_1601232855574{padding-top: 20px !important;padding-bottom: 40px !important;}&#8221;][vc_column]<div class=\"title-section  style3\">\n\t\t<h1 class=\"title\">\n\t\t\tAv. Nurten Bet\u00fcl \u00c7EL\u0130K\t\t\t\n\t\t<\/h1>\t\t\n\t\t\n\t\t\t<div class=\"title-content\">\n\t\t\t\t<p>&#8211; Y\u00d6NET\u0130M KURULU SAYMANI &#8211;<\/p>\n\n\t\t\t<\/div>\n\n\t<\/div>[vc_column_text]<\/p>\n<p style=\"text-align: center;\">Mezuniyet; Ankara \u00dcniversitesi Hukuk Fak\u00fcltesi, 1999.<br \/>\nAvukat, Arabulucu, Arabuluculuk \u015eirketi Kurucu Orta\u011f\u0131.<br \/>\nSerbest Avukat, Arabulucu olarak mesleki faaliyetlerini y\u00fcr\u00fctmektedir.[\/vc_column_text][vc_separator css=&#8221;.vc_custom_1601232805036{padding-top: 50px !important;padding-bottom: 20px !important;}&#8221;][\/vc_column][\/vc_row][vc_row parallax_speed=&#8221;4&#8243; parallax_x=&#8221;4&#8243; parallax_y=&#8221;4&#8243; css=&#8221;.vc_custom_1601232855574{padding-top: 20px !important;padding-bottom: 40px !important;}&#8221;][vc_column]<div class=\"title-section  style3\">\n\t\t<h1 class=\"title\">\n\t\t\tAv. Elif Nur YILMAZ\t\t\t\n\t\t<\/h1>\t\t\n\t\t\n\t\t\t<div class=\"title-content\">\n\t\t\t\t<p>&#8211; Y\u00d6NET\u0130M KURULU \u00dcYES\u0130 &#8211;<\/p>\n\n\t\t\t<\/div>\n\n\t<\/div>[vc_column_text]<\/p>\n<p style=\"text-align: center;\">Mezuniyet; \u00d6zye\u011fin \u00dcniversitesi Hukuk Fak\u00fcltesi, 2017.<br \/>\nAvukat, Arabulucu, Arabuluculuk \u015eirketi Kurucu Orta\u011f\u0131.<br \/>\nSerbest Avukat, Arabulucu olarak mesleki faaliyetlerini y\u00fcr\u00fctmektedir.<\/p>\n<p>[\/vc_column_text][vc_separator css=&#8221;.vc_custom_1601232805036{padding-top: 50px !important;padding-bottom: 20px !important;}&#8221;][\/vc_column][\/vc_row][vc_row parallax_speed=&#8221;4&#8243; parallax_x=&#8221;4&#8243; parallax_y=&#8221;4&#8243; css=&#8221;.vc_custom_1601232855574{padding-top: 20px !important;padding-bottom: 40px !important;}&#8221;][vc_column]<div class=\"title-section  style3\">\n\t\t<h1 class=\"title\">\n\t\t\tAv. Bengisu \u00dcNALAN\t\t\t\n\t\t<\/h1>\t\t\n\t\t\n\t\t\t<div class=\"title-content\">\n\t\t\t\t<p>&#8211; Y\u00d6NET\u0130M KURULU \u00dcYES\u0130 &#8211;<\/p>\n\n\t\t\t<\/div>\n\n\t<\/div>[vc_column_text]<\/p>\n<p style=\"text-align: center;\">Mezuniyet; Ba\u015fkent \u00dcniversitesi Hukuk Fak\u00fcltesi, 2020.<br \/>\nAvukat, Y\u00fcksek Lisans e\u011fitimine devam etmektedir.<br \/>\nSerbest Avukat olarak mesleki faaliyetlerini y\u00fcr\u00fctmektedir.<\/p>\n<p>[\/vc_column_text][vc_separator css=&#8221;.vc_custom_1601232805036{padding-top: 50px !important;padding-bottom: 20px !important;}&#8221;][\/vc_column][\/vc_row][vc_row parallax_speed=&#8221;4&#8243; parallax_x=&#8221;4&#8243; parallax_y=&#8221;4&#8243; css=&#8221;.vc_custom_1601232855574{padding-top: 20px !important;padding-bottom: 40px !important;}&#8221;][vc_column]<div class=\"title-section  style3\">\n\t\t<h1 class=\"title\">\n\t\t\tAv. Cansu \u015eENL\u0130K YE\u015e\u0130LG\u00dcL\t\t\t\n\t\t<\/h1>\t\t\n\t\t\n\t\t\t<div class=\"title-content\">\n\t\t\t\t<p>&#8211; Y\u00d6NET\u0130M KURULU \u00dcYES\u0130 &#8211;<\/p>\n\n\t\t\t<\/div>\n\n\t<\/div>[vc_column_text]<\/p>\n<p style=\"text-align: center;\">Mezuniyet; Ankara \u00dcniversitesi Hukuk Fak\u00fcltesi, 2018.<br \/>\nAvukat, Arabulucu.<br \/>\nSerbest Avukat, Arabulucu olarak mesleki faaliyetlerini y\u00fcr\u00fctmektedir.<\/p>\n<p>[\/vc_column_text][vc_separator css=&#8221;.vc_custom_1601232805036{padding-top: 50px !important;padding-bottom: 20px !important;}&#8221;][\/vc_column][\/vc_row][vc_row parallax_speed=&#8221;4&#8243; parallax_x=&#8221;4&#8243; parallax_y=&#8221;4&#8243; css=&#8221;.vc_custom_1601232855574{padding-top: 20px !important;padding-bottom: 40px !important;}&#8221;][vc_column]<div class=\"title-section  style3\">\n\t\t<h1 class=\"title\">\n\t\t\tAv. H\u00fcdaver \u00d6ZL\u00dc\t\t\t\n\t\t<\/h1>\t\t\n\t\t\n\t\t\t<div class=\"title-content\">\n\t\t\t\t<p>&#8211; KURUCU \u00dcYE &#8211;<\/p>\n\n\t\t\t<\/div>\n\n\t<\/div>[vc_column_text]<\/p>\n<p style=\"text-align: center;\">Mezuniyet; Ankara \u00dcniversitesi Hukuk Fak\u00fcltesi, 1987.<br \/>\nAvukat.<br \/>\nSerbest Avukat olarak mesleki faaliyetlerini y\u00fcr\u00fctmektedir.[\/vc_column_text][\/vc_column][\/vc_row]<\/p>\n","protected":false},"excerpt":{"rendered":"<p>[vc_row parallax_speed=&#8221;4&#8243; parallax_x=&#8221;4&#8243; parallax_y=&#8221;4&#8243; css=&#8221;.vc_custom_1601232855574{padding-top: 20px !important;padding-bottom: 40px !important;}&#8221;][vc_column][vc_column_text] Mezuniyet; \u0130stanbul \u00dcniversitesi Hukuk Fak\u00fcltesi, 1987. Avukat, Arabulucu, Arabuluculuk \u015eirketi kurucu orta\u011f\u0131. Serbest Avukat, Arabulucu olarak mesleki faaliyetlerini y\u00fcr\u00fctmektedir.[\/vc_column_text][vc_separator css=&#8221;.vc_custom_1601232805036{padding-top: 50px !important;padding-bottom: 20px !important;}&#8221;][\/vc_column][\/vc_row][vc_row parallax_speed=&#8221;4&#8243; parallax_x=&#8221;4&#8243; parallax_y=&#8221;4&#8243; css=&#8221;.vc_custom_1601232855574{padding-top: 20px !important;padding-bottom: 40px !important;}&#8221;][vc_column][vc_column_text] Mezuniyet; Ankara \u00dcniversitesi Hukuk Fak\u00fcltesi, 1987. Avukat, Arabulucu, Arabuluculuk \u015eirketi [&hellip;]<\/p>\n","protected":false},"author":1,"featured_media":0,"parent":1719,"menu_order":0,"comment_status":"closed","ping_status":"closed","template":"tpl\/page_single.php","meta":[],"_links":{"self":[{"href":"https:\/\/www.uhukder.com\/index.php\/wp-json\/wp\/v2\/pages\/1821"}],"collection":[{"href":"https:\/\/www.uhukder.com\/index.php\/wp-json\/wp\/v2\/pages"}],"about":[{"href":"https:\/\/www.uhukder.com\/index.php\/wp-json\/wp\/v2\/types\/page"}],"author":[{"embeddable":true,"href":"https:\/\/www.uhukder.com\/index.php\/wp-json\/wp\/v2\/users\/1"}],"replies":[{"embeddable":true,"href":"https:\/\/www.uhukder.com\/index.php\/wp-json\/wp\/v2\/comments?post=1821"}],"version-history":[{"count":15,"href":"https:\/\/www.uhukder.com\/index.php\/wp-json\/wp\/v2\/pages\/1821\/revisions"}],"predecessor-version":[{"id":2356,"href":"https:\/\/www.uhukder.com\/index.php\/wp-json\/wp\/v2\/pages\/1821\/revisions\/2356"}],"up":[{"embeddable":true,"href":"https:\/\/www.uhukder.com\/index.php\/wp-json\/wp\/v2\/pages\/1719"}],"wp:attachment":[{"href":"https:\/\/www.uhukder.com\/index.php\/wp-json\/wp\/v2\/media?parent=1821"}],"curies":[{"name":"wp","href":"https:\/\/api.w.org\/{rel}","templated":true}]}}