{"id":1742,"date":"2020-09-13T20:21:56","date_gmt":"2020-09-13T17:21:56","guid":{"rendered":"http:\/\/www.uhukder.com\/demo\/?page_id=1742"},"modified":"2020-10-16T20:26:46","modified_gmt":"2020-10-16T17:26:46","slug":"bagis-ve-aidat","status":"publish","type":"page","link":"https:\/\/www.uhukder.com\/index.php\/kurumsal\/bagis-ve-aidat\/","title":{"rendered":"Ba\u011f\u0131\u015f ve Aidat"},"content":{"rendered":"<p>[vc_row parallax_speed=&#8221;4&#8243; parallax_x=&#8221;4&#8243; parallax_y=&#8221;4&#8243;][vc_column][vc_row_inner][vc_column_inner][vc_single_image image=&#8221;2019&#8243; img_size=&#8221;827&#215;470&#8243; style=&#8221;vc_box_shadow_border&#8221;][vc_empty_space height=&#8221;50px&#8221;][vc_column_text]<\/p>\n<h4>Ba\u011f\u0131\u015f ve Aidat<\/h4>\n<p>Yap\u0131m a\u015famas\u0131nda &#8230;[\/vc_column_text][vc_empty_space height=&#8221;50px&#8221;][\/vc_column_inner][\/vc_row_inner][\/vc_column][\/vc_row]<\/p>\n","protected":false},"excerpt":{"rendered":"<p>[vc_row parallax_speed=&#8221;4&#8243; parallax_x=&#8221;4&#8243; parallax_y=&#8221;4&#8243;][vc_column][vc_row_inner][vc_column_inner][vc_single_image image=&#8221;2019&#8243; img_size=&#8221;827&#215;470&#8243; style=&#8221;vc_box_shadow_border&#8221;][vc_empty_space height=&#8221;50px&#8221;][vc_column_text] Ba\u011f\u0131\u015f ve Aidat Yap\u0131m a\u015famas\u0131nda &#8230;[\/vc_column_text][vc_empty_space height=&#8221;50px&#8221;][\/vc_column_inner][\/vc_row_inner][\/vc_column][\/vc_row]<\/p>\n","protected":false},"author":1,"featured_media":0,"parent":1719,"menu_order":0,"comment_status":"closed","ping_status":"closed","template":"tpl\/page_single.php","meta":[],"_links":{"self":[{"href":"https:\/\/www.uhukder.com\/index.php\/wp-json\/wp\/v2\/pages\/1742"}],"collection":[{"href":"https:\/\/www.uhukder.com\/index.php\/wp-json\/wp\/v2\/pages"}],"about":[{"href":"https:\/\/www.uhukder.com\/index.php\/wp-json\/wp\/v2\/types\/page"}],"author":[{"embeddable":true,"href":"https:\/\/www.uhukder.com\/index.php\/wp-json\/wp\/v2\/users\/1"}],"replies":[{"embeddable":true,"href":"https:\/\/www.uhukder.com\/index.php\/wp-json\/wp\/v2\/comments?post=1742"}],"version-history":[{"count":5,"href":"https:\/\/www.uhukder.com\/index.php\/wp-json\/wp\/v2\/pages\/1742\/revisions"}],"predecessor-version":[{"id":2123,"href":"https:\/\/www.uhukder.com\/index.php\/wp-json\/wp\/v2\/pages\/1742\/revisions\/2123"}],"up":[{"embeddable":true,"href":"https:\/\/www.uhukder.com\/index.php\/wp-json\/wp\/v2\/pages\/1719"}],"wp:attachment":[{"href":"https:\/\/www.uhukder.com\/index.php\/wp-json\/wp\/v2\/media?parent=1742"}],"curies":[{"name":"wp","href":"https:\/\/api.w.org\/{rel}","templated":true}]}}