{"id":1707,"date":"2020-09-13T17:02:44","date_gmt":"2020-09-13T14:02:44","guid":{"rendered":"http:\/\/www.uhukder.com\/demo\/?page_id=1707"},"modified":"2020-10-16T19:54:01","modified_gmt":"2020-10-16T16:54:01","slug":"komisyonlar","status":"publish","type":"page","link":"https:\/\/www.uhukder.com\/index.php\/kurumsal\/komisyonlar\/","title":{"rendered":"Komisyonlar"},"content":{"rendered":"<p>[vc_row parallax_speed=&#8221;4&#8243; parallax_x=&#8221;4&#8243; parallax_y=&#8221;4&#8243;][vc_column][vc_row_inner][vc_column_inner][vc_single_image image=&#8221;2097&#8243; img_size=&#8221;827&#215;470&#8243; style=&#8221;vc_box_shadow_border&#8221;][vc_empty_space height=&#8221;25px&#8221;][vc_empty_space height=&#8221;50px&#8221;][vc_column_text]<\/p>\n<div class=\"flat-text-block-timeline\">\n<div class=\"year\">\n<p class=\"p1\">Hukuk\u00e7u Haklar\u0131 Komisyonu<\/p>\n<\/div>\n<div class=\"flat-timeline-content\">\n<p class=\"p1\">Hukuk\u00e7ular\u0131n sosyal, ekonomik ve k\u00fclt\u00fcrel haklar\u0131n\u0131n tan\u0131nmas\u0131, uygulanmas\u0131 ve geli\u015ftirilmesi i\u00e7in \u00e7al\u0131\u015fmalar yapar. Hukuk\u00e7ular\u0131n mesleklerini ifa ederken ya\u015fad\u0131klar\u0131 sorunlara kad\u0131n hukuk\u00e7u g\u00f6z\u00fcyle bakarak \u00e7\u00f6z\u00fcme katk\u0131 sunacak \u00e7al\u0131\u015fmalar yapar. Ulusal ve uluslararas\u0131 platformlarda hukuk\u00e7u haklar\u0131 alan\u0131ndaki geli\u015fmeleri izleyerek bunlarla ilgili faaliyetlerde bulunur.<\/p>\n<\/div>\n<\/div>\n<p>[\/vc_column_text][vc_column_text]<\/p>\n<div class=\"flat-text-block-timeline\">\n<div class=\"year\">\n<p class=\"p1\">Kad\u0131n-Aile ve Toplum Komisyonu<\/p>\n<\/div>\n<div class=\"flat-timeline-content\">\n<p class=\"p1\">Kad\u0131n\u0131 ve aile kurumunu korumak ve g\u00fc\u00e7lendirmek i\u00e7in \u00e7al\u0131\u015f\u0131r. Aile sorunlar\u0131n\u0131n \u00e7\u00f6z\u00fcm\u00fcnde yard\u0131mc\u0131 olur ve destek sa\u011flar.  Toplumsal de\u011ferleri, k\u00fclt\u00fcrel miraslar\u0131, \u00f6rf ve adetleri gelecek nesillere aktarmak i\u00e7in faaliyetlerde bulunur. Kad\u0131n, \u00e7ocuk ve aileye ili\u015fkin yasal d\u00fczenlemelerle ilgili kampanyalar, e\u011fitimler, seminerler, \u00e7al\u0131\u015ftaylar d\u00fczenler. Bu \u00e7al\u0131\u015fmalar\u0131n sonu\u00e7 bildirgelerini kamuoyu, gerekli kamu kurulu\u015flar\u0131 ve yasa d\u00fczenleyicilerle payla\u015f\u0131r.<\/p>\n<\/div>\n<\/div>\n<p>[\/vc_column_text][vc_column_text]<\/p>\n<div class=\"flat-text-block-timeline\">\n<div class=\"year\">\n<p class=\"p1\">\u0130nsan Haklar\u0131 ve E\u011fitim Komisyonu<\/p>\n<\/div>\n<div class=\"flat-timeline-content\">\n<p class=\"p1\">\u0130nsan hak ve h\u00fcrriyetlerinin korunmas\u0131 ve geli\u015ftirilmesi, hak ihlallerinin ortadan kald\u0131r\u0131lmas\u0131 i\u00e7in ulusal ve uluslararas\u0131 alanda \u00e7al\u0131\u015fmalar yapar. Bunlar\u0131 raporlayarak kamuoyuyla payla\u015f\u0131r.<\/p>\n<p>E\u011fitim faaliyetlerini y\u00fcr\u00fct\u00fcr ve koordine eder. Derne\u011fin amac\u0131na y\u00f6nelik e\u011fitim programlar\u0131, hizmet i\u00e7i e\u011fitim, \u00e7al\u0131\u015ftay, seminer, konferans vb. etkinlikler d\u00fczenler. Akademik \u00e7evreler, \u00fcniversiteler ve di\u011fer e\u011fitim kurumlar\u0131 ile ili\u015fkiler geli\u015ftirir, ortak projeler y\u00fcr\u00fct\u00fcr. Kamu ara\u015ft\u0131rmalar\u0131, saha \u00e7al\u0131\u015fmalar\u0131, anketler ve \u00f6l\u00e7\u00fcmlemeler yaparak stratejiler geli\u015ftirir, planlamalar yapar.<\/p>\n<\/div>\n<\/div>\n<p>[\/vc_column_text][vc_column_text]<\/p>\n<div class=\"flat-text-block-timeline\">\n<div class=\"year\">\n<p class=\"p1\">Uluslararas\u0131 \u00c7al\u0131\u015fmalar Komisyonu<\/p>\n<\/div>\n<div class=\"flat-timeline-content\">\n<p class=\"p1\">Dernek amac\u0131 kapsam\u0131nda yurtd\u0131\u015f\u0131 kad\u0131n ve hukuk kurum ve kurulu\u015flar\u0131 ile temasa ge\u00e7erek i\u015fbirli\u011fi yapar. Uluslararas\u0131 ortak konferanslar, seminerler, e\u011fitimler vb d\u00fczenler. Farkl\u0131 hukuk sistemleri hakk\u0131nda bilgi edinilmesi, fikir al\u0131\u015fveri\u015fi yap\u0131lmas\u0131 i\u00e7in \u00e7al\u0131\u015f\u0131r. Derne\u011fin uluslararas\u0131 mecralarda tan\u0131t\u0131m\u0131n\u0131n yap\u0131lmas\u0131n\u0131 sa\u011flar.<\/p>\n<\/div>\n<\/div>\n<p>[\/vc_column_text][vc_column_text]<\/p>\n<div class=\"flat-text-block-timeline\">\n<div class=\"year\">\n<p class=\"p1\">Sosyal, K\u00fclt\u00fcrel ve Tarihi \u00c7al\u0131\u015fmalar Komisyonu<\/p>\n<\/div>\n<div class=\"flat-timeline-content\">\n<p>Milli, manevi, tarihi ve k\u00fclt\u00fcrel de\u011ferleri geli\u015ftirmek, korumak, ya\u015fatmak ve gelecek nesillere aktarmak i\u00e7in gereken her t\u00fcrl\u00fc \u00e7al\u0131\u015fmay\u0131 yapar.<\/p>\n<\/div>\n<\/div>\n<p>[\/vc_column_text][\/vc_column_inner][\/vc_row_inner][\/vc_column][\/vc_row]<\/p>\n","protected":false},"excerpt":{"rendered":"<p>[vc_row parallax_speed=&#8221;4&#8243; parallax_x=&#8221;4&#8243; parallax_y=&#8221;4&#8243;][vc_column][vc_row_inner][vc_column_inner][vc_single_image image=&#8221;2097&#8243; img_size=&#8221;827&#215;470&#8243; style=&#8221;vc_box_shadow_border&#8221;][vc_empty_space height=&#8221;25px&#8221;][vc_empty_space height=&#8221;50px&#8221;][vc_column_text] Hukuk\u00e7u Haklar\u0131 Komisyonu Hukuk\u00e7ular\u0131n sosyal, ekonomik ve k\u00fclt\u00fcrel haklar\u0131n\u0131n tan\u0131nmas\u0131, uygulanmas\u0131 ve geli\u015ftirilmesi i\u00e7in \u00e7al\u0131\u015fmalar yapar. Hukuk\u00e7ular\u0131n mesleklerini ifa ederken ya\u015fad\u0131klar\u0131 sorunlara kad\u0131n hukuk\u00e7u g\u00f6z\u00fcyle bakarak \u00e7\u00f6z\u00fcme katk\u0131 sunacak \u00e7al\u0131\u015fmalar yapar. Ulusal ve uluslararas\u0131 platformlarda hukuk\u00e7u haklar\u0131 alan\u0131ndaki geli\u015fmeleri izleyerek bunlarla ilgili [&hellip;]<\/p>\n","protected":false},"author":1,"featured_media":0,"parent":1719,"menu_order":0,"comment_status":"closed","ping_status":"closed","template":"tpl\/page_single.php","meta":[],"_links":{"self":[{"href":"https:\/\/www.uhukder.com\/index.php\/wp-json\/wp\/v2\/pages\/1707"}],"collection":[{"href":"https:\/\/www.uhukder.com\/index.php\/wp-json\/wp\/v2\/pages"}],"about":[{"href":"https:\/\/www.uhukder.com\/index.php\/wp-json\/wp\/v2\/types\/page"}],"author":[{"embeddable":true,"href":"https:\/\/www.uhukder.com\/index.php\/wp-json\/wp\/v2\/users\/1"}],"replies":[{"embeddable":true,"href":"https:\/\/www.uhukder.com\/index.php\/wp-json\/wp\/v2\/comments?post=1707"}],"version-history":[{"count":7,"href":"https:\/\/www.uhukder.com\/index.php\/wp-json\/wp\/v2\/pages\/1707\/revisions"}],"predecessor-version":[{"id":2118,"href":"https:\/\/www.uhukder.com\/index.php\/wp-json\/wp\/v2\/pages\/1707\/revisions\/2118"}],"up":[{"embeddable":true,"href":"https:\/\/www.uhukder.com\/index.php\/wp-json\/wp\/v2\/pages\/1719"}],"wp:attachment":[{"href":"https:\/\/www.uhukder.com\/index.php\/wp-json\/wp\/v2\/media?parent=1707"}],"curies":[{"name":"wp","href":"https:\/\/api.w.org\/{rel}","templated":true}]}}