{"id":2042,"date":"2020-09-29T21:21:29","date_gmt":"2020-09-29T18:21:29","guid":{"rendered":"http:\/\/www.uhukder.com\/demo\/?page_id=2042"},"modified":"2020-10-20T22:51:59","modified_gmt":"2020-10-20T19:51:59","slug":"yasal_uyari","status":"publish","type":"page","link":"http:\/\/www.uhukder.com\/index.php\/yasal_uyari\/","title":{"rendered":"Yasak Uyar\u0131 Metni"},"content":{"rendered":"<p>[vc_row parallax_speed=&#8221;4&#8243; parallax_x=&#8221;4&#8243; parallax_y=&#8221;4&#8243;][vc_column][vc_row_inner][vc_column_inner][vc_column_text]<\/p>\n<h3>Say\u0131n Ziyaret\u00e7iler,<\/h3>\n<p>&nbsp;<\/p>\n<p>Bu internet sitesindeki bilgiler yaln\u0131zca bilgi verme ama\u00e7l\u0131 olarak haz\u0131rlanm\u0131\u015f olup herhangi bir \u015fekilde hukuki g\u00f6r\u00fc\u015f olarak kullan\u0131lmamal\u0131d\u0131r. Bu site ve i\u00e7erdi\u011fi bilgiler i\u015f ili\u015fkisi kurmak amac\u0131 ile tasarlanmam\u0131\u015ft\u0131r. Bu kapsamda, bu internet sitesinde yer alan bilgiler y\u00fcr\u00fcrl\u00fckte bulunan kanun ve ikincil mevzuatta meydana gelen de\u011fi\u015fikliklere ba\u011fl\u0131 olarak g\u00fcncelli\u011fini yitirebilir ve y\u00fcr\u00fcrl\u00fckte olan yasal geli\u015fmelerin son halini yans\u0131tmayabilir.<\/p>\n<p>Bu sitedeki bilgilerin g\u00fcvenilir kaynaklardan al\u0131nmas\u0131 hususunda gayret g\u00f6stermekteyiz. Bu sitede yer alan bilgilerdeki herhangi bir yanl\u0131\u015fl\u0131k veya eksiklikten veya bu bilgilerin kullan\u0131m\u0131ndan do\u011fan sonu\u00e7lardan sorumluluk do\u011fmayaca\u011f\u0131n\u0131 bildiririz.<\/p>\n<p>Bu internet sitesi ve i\u00e7indeki bilgiler, T\u00fcrkiye Barolar Birli\u011fi\u2019nin Meslek Kurallar\u0131 ve ilgili mevzuat\u0131na ba\u011fl\u0131 kal\u0131narak ve ilgili mevzuatla reklam yasa\u011f\u0131na ili\u015fkin d\u00fczenlemelere uygun olarak haz\u0131rlanm\u0131\u015ft\u0131r. Bu site, i\u015f veya buna benzer ba\u015fka bir kazan\u0131m talep etmek ve\/veya reklam ama\u00e7l\u0131 olarak kullan\u0131lamaz. Siteyi kullanan ziyaret\u00e7iler, Kullan\u0131m \u015eartlar\u0131nda yer alan t\u00fcm \u015fartlar\u0131 kabul etmi\u015f say\u0131l\u0131rlar.<\/p>\n<p>Bu sitedeki t\u00fcm bilgi ve dosyalar\u0131n m\u00fclkiyeti Uluslararas\u0131 Hukuk ve Kad\u0131n Derne\u011fi\u2019ne aittir. Fikri m\u00fclkiyet hakk\u0131 d\u00e2hilindeki yaz\u0131l\u0131 bilgi ve belgeler, logolar, Uluslararas\u0131 Hukuk ve Kad\u0131n Derne\u011finin yaz\u0131l\u0131 izni olmadan kopyalanamaz, \u00e7o\u011falt\u0131lamaz ve kullan\u0131lamaz.<\/p>\n<p>A\u00e7\u0131k\u00e7a yaz\u0131l\u0131 \u015fekilde izin verilmedi\u011fi s\u00fcrece, bu sitede yeni linkler a\u00e7\u0131lmas\u0131 ve\/veya bu sitede link olu\u015fturulmas\u0131 kesinlikle yasakt\u0131r.<\/p>\n<p>Bu sitenin i\u00e7erdi\u011fi t\u00fcm bilgi ve belgeler tamamen ki\u015fisel olup hi\u00e7bir \u015fekilde ticari da\u011f\u0131t\u0131m ama\u00e7l\u0131 de\u011fildir. Ziyaret\u00e7iler, sitede sunulan bilgilerin do\u011fru olmad\u0131\u011f\u0131n\u0131 veya bu bilgiler nedeni ile zarar g\u00f6rd\u00fcklerini iddia edemezler.<\/p>\n<p>Uluslararas\u0131 Hukuk ve Kad\u0131n Derne\u011fi \u00fc\u00e7\u00fcnc\u00fc \u015fah\u0131slarca yay\u0131nlanan bilgi ve malzemeyle ilgili olarak herhangi bir sorumluluk kabul etmemekte ve s\u00f6z konusu \u00fc\u00e7\u00fcnc\u00fc \u015fah\u0131slarca yay\u0131nlanan bilgiler i\u00e7inde yer alan beyan ve g\u00f6r\u00fc\u015fleri do\u011frudan do\u011fruya veya dolayl\u0131 olarak onaylamamaktad\u0131r.<br \/>\nAyr\u0131ca \u00fc\u00e7\u00fcnc\u00fc \u015fah\u0131slara ait olan ve herhangi bir nedenle uygun olmad\u0131\u011f\u0131n\u0131 d\u00fc\u015f\u00fcnd\u00fc\u011f\u00fc bilgileri siteden \u00e7\u0131karma hakk\u0131n\u0131 sakl\u0131 tutmaktad\u0131r.[\/vc_column_text][vc_empty_space height=&#8221;50px&#8221;][\/vc_column_inner][\/vc_row_inner][\/vc_column][\/vc_row]<\/p>\n","protected":false},"excerpt":{"rendered":"<p>[vc_row parallax_speed=&#8221;4&#8243; parallax_x=&#8221;4&#8243; parallax_y=&#8221;4&#8243;][vc_column][vc_row_inner][vc_column_inner][vc_column_text] Say\u0131n Ziyaret\u00e7iler, &nbsp; Bu internet sitesindeki bilgiler yaln\u0131zca bilgi verme ama\u00e7l\u0131 olarak haz\u0131rlanm\u0131\u015f olup herhangi bir \u015fekilde hukuki g\u00f6r\u00fc\u015f olarak kullan\u0131lmamal\u0131d\u0131r. Bu site ve i\u00e7erdi\u011fi bilgiler i\u015f ili\u015fkisi kurmak amac\u0131 ile tasarlanmam\u0131\u015ft\u0131r. Bu kapsamda, bu internet sitesinde yer alan bilgiler y\u00fcr\u00fcrl\u00fckte bulunan kanun ve ikincil mevzuatta meydana [&hellip;]<\/p>\n","protected":false},"author":1,"featured_media":0,"parent":0,"menu_order":0,"comment_status":"closed","ping_status":"closed","template":"tpl\/page_single.php","meta":[],"_links":{"self":[{"href":"http:\/\/www.uhukder.com\/index.php\/wp-json\/wp\/v2\/pages\/2042"}],"collection":[{"href":"http:\/\/www.uhukder.com\/index.php\/wp-json\/wp\/v2\/pages"}],"about":[{"href":"http:\/\/www.uhukder.com\/index.php\/wp-json\/wp\/v2\/types\/page"}],"author":[{"embeddable":true,"href":"http:\/\/www.uhukder.com\/index.php\/wp-json\/wp\/v2\/users\/1"}],"replies":[{"embeddable":true,"href":"http:\/\/www.uhukder.com\/index.php\/wp-json\/wp\/v2\/comments?post=2042"}],"version-history":[{"count":2,"href":"http:\/\/www.uhukder.com\/index.php\/wp-json\/wp\/v2\/pages\/2042\/revisions"}],"predecessor-version":[{"id":2187,"href":"http:\/\/www.uhukder.com\/index.php\/wp-json\/wp\/v2\/pages\/2042\/revisions\/2187"}],"wp:attachment":[{"href":"http:\/\/www.uhukder.com\/index.php\/wp-json\/wp\/v2\/media?parent=2042"}],"curies":[{"name":"wp","href":"https:\/\/api.w.org\/{rel}","templated":true}]}}