{"id":2037,"date":"2020-09-29T21:15:42","date_gmt":"2020-09-29T18:15:42","guid":{"rendered":"http:\/\/www.uhukder.com\/demo\/?page_id=2037"},"modified":"2020-10-20T22:50:21","modified_gmt":"2020-10-20T19:50:21","slug":"kvk_aydinlatma","status":"publish","type":"page","link":"http:\/\/www.uhukder.com\/index.php\/kvk_aydinlatma\/","title":{"rendered":"KVKK ve Ayd\u0131nlatma Metni"},"content":{"rendered":"<p>[vc_row parallax_speed=&#8221;4&#8243; parallax_x=&#8221;4&#8243; parallax_y=&#8221;4&#8243;][vc_column][vc_row_inner][vc_column_inner][vc_column_text]<\/p>\n<h3>KVKK ve Ayd\u0131nlatma Metni<\/h3>\n<p>&nbsp;<\/p>\n<p>07.04.2016 tarihinde resmi gazetede yay\u0131nlanarak y\u00fcr\u00fcrl\u00fc\u011fe giren 6698 say\u0131l\u0131 Ki\u015fisel Verilerin Korunmas\u0131 Kanunu (\u201cKVKK\u201d) \u00a0kapsam\u0131nda Derne\u011fimiz Veri Sorumlusu s\u0131fat\u0131na sahiptir.<\/p>\n<p>KVKK uyar\u0131nca ki\u015fisel verileriniz Derne\u011fimiz (bundan sonra Dernek olarak an\u0131lacakt\u0131r.)\u00a0taraf\u0131ndan sadece a\u015fa\u011f\u0131da a\u00e7\u0131kland\u0131\u011f\u0131 \u015fekilde vermi\u015f oldu\u011funuz onay \u00e7er\u00e7evesinde i\u015flenecek, kaydedilecek, saklanacak, g\u00fcncellenecek ve mevzuat\u0131n izin verdi\u011fi durumlarda 3. ki\u015filerle payla\u015f\u0131labilecektir.<\/p>\n<p><strong>a) Ki\u015fisel Verilerin Toplanmas\u0131 ve \u0130\u015flenmesi<\/strong><\/p>\n<p>Verdi\u011finiz ki\u015fisel veriler; bilgi saklama, raporlama, bilgilendirme y\u00fck\u00fcml\u00fcl\u00fcklerine uymak \u00a0amac\u0131yla kullan\u0131lacakt\u0131r.<\/p>\n<p><strong>b) Veri Saklama ve Veri G\u00fcvenli\u011fi<\/strong><\/p>\n<p>Ki\u015fisel verileriniz, veri i\u015fleme amac\u0131 ge\u00e7erli oldu\u011fu s\u00fcrece saklanacakt\u0131r. Veriler, yasal s\u00fcrelere tabi olarak ve yasal merciler ile ilgili kamu otoritelerine raporlama, bilgilendirme ama\u00e7lar\u0131 i\u00e7in tutulmas\u0131 gerekiyorsa bu s\u0131n\u0131rlara uyulacakt\u0131r. Saklanan, kaydedilen verilerin kaybolmamas\u0131, yetkisiz ki\u015filerin eline ge\u00e7memesi ve hukuka ayk\u0131r\u0131 kullan\u0131mlar\u0131n \u00f6nlenmesi i\u00e7in gerekli g\u00fcvenlik \u00f6nlemleri al\u0131nmaktad\u0131r.<\/p>\n<p><strong>c) Veri Payla\u015f\u0131m\u0131<\/strong><\/p>\n<p>A\u00e7\u0131k r\u0131zan\u0131z bulunmadan verileriniz ama\u00e7 d\u0131\u015f\u0131nda kullan\u0131lmayacak olup, yasal zorunluluklar ve resmi kurum ve kurulu\u015flar haricinde \u00fc\u00e7\u00fcnc\u00fc \u015fah\u0131slarla, yurt i\u00e7inde ve yurt d\u0131\u015f\u0131nda payla\u015f\u0131lmayacakt\u0131r, aktar\u0131lmayacakt\u0131r.<\/p>\n<p><strong>d) Ki\u015fisel Verilerin Korunmas\u0131na Y\u00f6nelik Haklar \u00a0<\/strong><\/p>\n<p>Ki\u015fisel verileri i\u015flenen \u015fah\u0131slar, KVKK h\u00fck\u00fcmleri uyar\u0131nca veri sorumlusu olan\u00a0 Derne\u011fimize ba\u015fvurarak;<\/p>\n<ul>\n<li>Ki\u015fisel verilerinizin i\u015flenip i\u015flenmedi\u011fini \u00f6\u011frenme,<\/li>\n<li>Ki\u015fisel verileriniz i\u015flenmi\u015fse bilgi talep etme,<\/li>\n<li>Ki\u015fisel verinin i\u015flenme amac\u0131n\u0131 ve bu amac\u0131na uygun kullan\u0131l\u0131p kullan\u0131lmad\u0131\u011f\u0131n\u0131 \u00f6\u011frenme,<\/li>\n<li>Ki\u015fisel verinin aktar\u0131l\u0131p aktar\u0131lmad\u0131\u011f\u0131n\u0131, aktar\u0131lm\u0131\u015fsa aktar\u0131m yap\u0131lan 3. ki\u015fileri \u00f6\u011frenme,<\/li>\n<li>Ki\u015fisel veriler eksik ya da yanl\u0131\u015f i\u015flenmi\u015fse d\u00fczeltilmesini talep edebilir,<\/li>\n<li>Mevzuatta \u00f6ng\u00f6r\u00fclen \u015fartlar \u00e7er\u00e7evesinde silinmesini isteme,<\/li>\n<li>Aktar\u0131m yap\u0131lan 3. ki\u015filere ki\u015fisel verilerin d\u00fczeltilmesinin, silinmesinin iletilmesini talep etme,<\/li>\n<li>Kanuna ayk\u0131r\u0131 olarak i\u015flenmesi sebebiyle zarara u\u011framan\u0131z h\u00e2linde zarar\u0131n giderilmesini talep etme hakk\u0131na sahiptirler.<\/li>\n<li>KVKK h\u00fck\u00fcmleri uyar\u0131nca veri sorumlusu olan Derne\u011fimize bu haklara ili\u015fkin yap\u0131lacak ba\u015fvurular\u0131n yaz\u0131l\u0131 olarak veya Ki\u015fisel Verilerin Korunmas\u0131 Kurulu taraf\u0131ndan belirlenen di\u011fer y\u00f6ntemlerle iletilmesi gerekmektedir.<\/li>\n<\/ul>\n<p><strong>e) Veri Gizlili\u011fi \u0130lkelerinde Yap\u0131lacak De\u011fi\u015fiklikler<\/strong><\/p>\n<p>Mevzuat de\u011fi\u015fikliklerine ba\u011fl\u0131 olarak burada payla\u015f\u0131lan ilkelerde de\u011fi\u015fiklik olabilecektir. De\u011fi\u015fiklik s\u00f6z konusu oldu\u011funda, internet sitemizde gerekli duyurular yap\u0131lacak olup, bu de\u011fi\u015fikliklerden haberdar olabilmeniz i\u00e7in internet sitemizi d\u00fczenli olarak ziyaret etmenizi \u00f6neririz.<\/p>\n<p><strong>f) \u00c7erez (Cookie) Kullan\u0131m\u0131<\/strong><\/p>\n<p>\u00c7erezler, ziyaret etti\u011finiz internet siteleri taraf\u0131ndan taray\u0131c\u0131lar arac\u0131l\u0131\u011f\u0131yla bilgisayar\u0131n\u0131za (ya da ak\u0131ll\u0131 telefon veya tablet gibi di\u011fer cihazlar\u0131n\u0131za) kaydedilen ve genelde harf ve rakamlardan olu\u015fan \u00e7ok k\u00fc\u00e7\u00fck metin dosyalar\u0131d\u0131r. Taray\u0131c\u0131n\u0131z ve sunucu aras\u0131nda bir ba\u011flant\u0131 sa\u011fland\u0131\u011f\u0131nda site, \u00e7erezeler arac\u0131l\u0131\u011f\u0131yla sizi tan\u0131r.<\/p>\n<p>\u00c7erezlerin kullan\u0131lma amac\u0131, web sitemizi ziyaret eden kullan\u0131c\u0131lara kolayl\u0131k sa\u011flamakt\u0131r. \u00c7erezler ayn\u0131 zamanda gelecekte sitelerimiz \u00fczerinde ger\u00e7ekle\u015ftirece\u011finiz faaliyet ve deneyimleri h\u0131zland\u0131rmak amac\u0131yla da kullan\u0131labilir. Ayr\u0131ca \u00e7erezleri, ki\u015filerin sitelerimizi nas\u0131l kulland\u0131klar\u0131n\u0131 anlamam\u0131z\u0131 sa\u011flayan isimsiz ve toplu istatistiki verileri bir araya getirmemize ve sitelerimizin yap\u0131lar\u0131n\u0131 ve i\u00e7eriklerini geli\u015ftirmemize yard\u0131mc\u0131 olmalar\u0131 amac\u0131yla kullanmaktay\u0131z.<\/p>\n<p>Bu veriler, sizin kimli\u011finizi tan\u0131mlamam\u0131z\u0131 sa\u011flayabilecek bilgiler de\u011fildir. \u00c7erezler, ziyaret\u00e7ilere ili\u015fkin isim, cinsiyet veya adres gibi ki\u015fisel verileri i\u00e7ermezler.<\/p>\n<p><strong>Dernek\u00a0\u00e7erezleri;<\/strong><\/p>\n<ul>\n<li>Yapt\u0131\u011f\u0131n\u0131z tercihleri hat\u0131rlamak ve web sitesi\/mobil uygulama\/mobil sitesi kullan\u0131m\u0131n\u0131z\u0131 ki\u015fiselle\u015ftirmek i\u00e7in kullan\u0131r.<\/li>\n<li>Bu kullan\u0131m; parolan\u0131z\u0131 kaydeden ve web sitesi\/mobil uygulama\/mobil sitesi oturumunuzun s\u00fcrekli a\u00e7\u0131k kalmas\u0131n\u0131 sa\u011flayan, b\u00f6ylece her ziyaretinizde birden fazla kez parola girme zahmetinden kurtaran \u00e7erezleri ve web sitesine\/mobil uygulamaya\/mobil sitesine daha sonraki ziyaretlerinizde sizi hat\u0131rlayan ve tan\u0131yan \u00e7erezleri i\u00e7erir.<\/li>\n<li>Site\u2019nin \u00e7al\u0131\u015fmas\u0131 i\u00e7in gerekli temel fonksiyonlar\u0131 ger\u00e7ekle\u015ftirir.<\/li>\n<li>Site\u2019yi analiz etmek ve Site\u2019nin performans\u0131n\u0131 artt\u0131r\u0131r. (\u00d6rne\u011fin, Site\u2019yi ziyaret edenlerin say\u0131s\u0131n\u0131n tespit edilmesi ve buna g\u00f6re performans ayarlar\u0131n\u0131n yap\u0131lmas\u0131 ya da ziyaret\u00e7ilerin arad\u0131klar\u0131n\u0131 bulmalar\u0131n\u0131n kolayla\u015ft\u0131r\u0131lmas\u0131.)<\/li>\n<li>Site\u2019nin i\u015flevselli\u011fini artt\u0131r\u0131r ve kullan\u0131m kolayl\u0131\u011f\u0131 sa\u011flar. (\u00d6rne\u011fin, Site\u2019yi ziyaret eden ziyaret\u00e7inin daha sonraki ziyaretinde kullan\u0131c\u0131 ad\u0131 bilgisinin ya da arama sorgular\u0131n\u0131n hat\u0131rlanmas\u0131 veya Site \u00fczerinden \u00fc\u00e7\u00fcnc\u00fc taraf sosyal medya faaliyetlerine ba\u011flant\u0131 sa\u011flamak.)<\/li>\n<li>\u015eirket,\u00a0ayr\u0131ca Google, Inc. (\u201cGoogle\u201d) taraf\u0131ndan sa\u011flanan bir web analizi hizmeti olan Google Analytics kullanmaktad\u0131r. Google Analytics, \u00e7erezleri ziyaret\u00e7ilerin web sitesini\/mobil uygulamay\u0131\/mobil sitesini nas\u0131l kulland\u0131klar\u0131n\u0131 istatistiki bilgiler\/raporlar ile analiz etmek amac\u0131yla kullan\u0131r.<\/li>\n<\/ul>\n<p><strong>\u00c7erez Y\u00f6netimi<\/strong><\/p>\n<p>\u0130nternet taray\u0131c\u0131n\u0131z\u0131n \u00e7e\u015fidine g\u00f6re a\u015fa\u011f\u0131daki ad\u0131mlar\u0131 izleyerek, \u00e7erezler hakk\u0131nda bilgi edinip, izin verme veya reddetme hakk\u0131n\u0131z\u0131 kullanabilirsiniz:<\/p>\n<p>Google Chrome: Browser\u2019\u0131n\u0131z\u0131n \u201cadres b\u00f6l\u00fcm\u00fcnde\u201d yer alan, \u201ckilit i\u015fareti\u201d veya \u201ci\u201d harfini t\u0131klayarak, \u201cCookie\u201d sekmesinden \u00e7erezlere izin verebilir veya bloke edebilirsiniz.<br \/>\n\u0130nternet Explorer: Browser\u2019\u0131n\u0131z\u0131n sa\u011f \u00fcst k\u00f6\u015fesinde yer alan \u201cTool\u201d veya \u201cAra\u00e7lar\u201d B\u00f6l\u00fcm\u00fcnden \u201cG\u00fcvenlik\u201d sekmesini t\u0131klay\u0131n ve \u201cizin ver\u201d veya \u201cizin verme\u201d \u015feklinde \u00e7erez y\u00f6netimizi ger\u00e7ekle\u015ftirin.<br \/>\nMozilla Firefox: Browser\u2019\u0131n\u0131z\u0131n sa\u011f \u00fcst k\u00f6\u015fesinde yer alan \u201cmen\u00fcy\u00fc a\u00e7\u201d sekmesini t\u0131klay\u0131n\u0131z. \u201cSe\u00e7enekler\u201d g\u00f6rselini t\u0131klayarak \u201cGizlilik ve G\u00fcvenlik\u201d butonunu kullanarak \u00e7erez y\u00f6netiminizi yap\u0131n\u0131z.<br \/>\nDi\u011fer browserlar i\u00e7in de (opera, microsoft edge gibi), ilgili browser\u2019\u0131n yard\u0131m veya destek sayfalar\u0131n\u0131 inceleyebilirsiniz.<br \/>\nSafari: Telefonunuzun \u201cAyarlar\u201d b\u00f6l\u00fcm\u00fcnden \u201csafari\u201d sekmesini se\u00e7ip, \u201cGizlilik ve G\u00fcvenlik\u201d B\u00f6l\u00fcm\u00fcnden t\u00fcm \u00e7erez y\u00f6netiminizi sa\u011flayabilirsiniz.<br \/>\nMobil uygulamalarda \u00e7erez veya SDK y\u00f6netimi i\u00e7in cihaz\u0131n\u0131z\u0131n Gizlilik veya Ayarlar B\u00f6l\u00fcm\u00fcnde yer alan y\u00f6nlendirmeleri takip edebilir veya Lumen Privacy Monitor\u2019\u00fc (https:\/\/haystack.mobi) telefonunuza indirerek kullanabilirsiniz.<br \/>\nYukar\u0131daki se\u00e7eneklerin yan\u0131s\u0131ra; t\u00fcm \u00e7erezler hakk\u0131nda bilgi sahibi olmak ve \u00e7erez y\u00f6netimi i\u00e7in:<\/p>\n<p>https:\/\/www.allaboutcookies.org, https:\/\/www.youronlinechoices.eu\/ adresini ziyaret edebilirsiniz, veya \u201cPrivacy Badger\u201d uygulamas\u0131n\u0131 kullanabilirsiniz (https:\/\/www.eff.org\/tr\/privacybadger)<\/p>\n<p>Kal\u0131c\u0131 \u00e7erezleri veya oturum \u00e7erezlerini reddederseniz, web sitesini, mobil uygulamay\u0131 ve mobil sitesini kullanmaya devam edebilirsiniz fakat web sitesinin, mobil uygulaman\u0131n ve mobil sitesinin t\u00fcm i\u015flevlerine eri\u015femeyebilirsiniz veya eri\u015fiminiz s\u0131n\u0131rl\u0131 olabilir. Mobil uygulamada s\u00f6z konusu durum de\u011fi\u015fkenlik g\u00f6sterebilmektedir.[\/vc_column_text][vc_empty_space height=&#8221;50px&#8221;][\/vc_column_inner][\/vc_row_inner][\/vc_column][\/vc_row]<\/p>\n","protected":false},"excerpt":{"rendered":"<p>[vc_row parallax_speed=&#8221;4&#8243; parallax_x=&#8221;4&#8243; parallax_y=&#8221;4&#8243;][vc_column][vc_row_inner][vc_column_inner][vc_column_text] KVKK ve Ayd\u0131nlatma Metni &nbsp; 07.04.2016 tarihinde resmi gazetede yay\u0131nlanarak y\u00fcr\u00fcrl\u00fc\u011fe giren 6698 say\u0131l\u0131 Ki\u015fisel Verilerin Korunmas\u0131 Kanunu (\u201cKVKK\u201d) \u00a0kapsam\u0131nda Derne\u011fimiz Veri Sorumlusu s\u0131fat\u0131na sahiptir. KVKK uyar\u0131nca ki\u015fisel verileriniz Derne\u011fimiz (bundan sonra Dernek olarak an\u0131lacakt\u0131r.)\u00a0taraf\u0131ndan sadece a\u015fa\u011f\u0131da a\u00e7\u0131kland\u0131\u011f\u0131 \u015fekilde vermi\u015f oldu\u011funuz onay \u00e7er\u00e7evesinde i\u015flenecek, kaydedilecek, saklanacak, g\u00fcncellenecek [&hellip;]<\/p>\n","protected":false},"author":1,"featured_media":0,"parent":0,"menu_order":0,"comment_status":"closed","ping_status":"closed","template":"tpl\/page_single.php","meta":[],"_links":{"self":[{"href":"http:\/\/www.uhukder.com\/index.php\/wp-json\/wp\/v2\/pages\/2037"}],"collection":[{"href":"http:\/\/www.uhukder.com\/index.php\/wp-json\/wp\/v2\/pages"}],"about":[{"href":"http:\/\/www.uhukder.com\/index.php\/wp-json\/wp\/v2\/types\/page"}],"author":[{"embeddable":true,"href":"http:\/\/www.uhukder.com\/index.php\/wp-json\/wp\/v2\/users\/1"}],"replies":[{"embeddable":true,"href":"http:\/\/www.uhukder.com\/index.php\/wp-json\/wp\/v2\/comments?post=2037"}],"version-history":[{"count":8,"href":"http:\/\/www.uhukder.com\/index.php\/wp-json\/wp\/v2\/pages\/2037\/revisions"}],"predecessor-version":[{"id":2186,"href":"http:\/\/www.uhukder.com\/index.php\/wp-json\/wp\/v2\/pages\/2037\/revisions\/2186"}],"wp:attachment":[{"href":"http:\/\/www.uhukder.com\/index.php\/wp-json\/wp\/v2\/media?parent=2037"}],"curies":[{"name":"wp","href":"https:\/\/api.w.org\/{rel}","templated":true}]}}