{"id":1697,"date":"2020-09-13T16:45:51","date_gmt":"2020-09-13T13:45:51","guid":{"rendered":"http:\/\/www.uhukder.com\/demo\/?page_id=1697"},"modified":"2020-10-16T19:30:27","modified_gmt":"2020-10-16T16:30:27","slug":"vizyon-misyon","status":"publish","type":"page","link":"http:\/\/www.uhukder.com\/index.php\/kurumsal\/vizyon-misyon\/","title":{"rendered":"Misyon-Vizyon"},"content":{"rendered":"<p>[vc_row parallax_speed=&#8221;4&#8243; parallax_x=&#8221;4&#8243; parallax_y=&#8221;4&#8243;][vc_column][vc_row_inner][vc_column_inner][vc_gallery type=&#8221;flexslider_slide&#8221; interval=&#8221;3&#8243; images=&#8221;1803,2029&#8243; img_size=&#8221;872&#215;470&#8243; onclick=&#8221;&#8221;][vc_empty_space height=&#8221;25px&#8221;][vc_column_text]<\/p>\n<h4>Uluslararas\u0131 Hukuk ve Kad\u0131n Derne\u011fi<\/h4>\n<p>T\u00fcrk Hukuku\u2019nun geli\u015fmesine, T\u00fcrkiye\u2019de hukuk devleti ve hukukun \u00fcst\u00fcnl\u00fc\u011f\u00fc ilkesinin kurum ve kurallar\u0131yla yerle\u015fmesine, hukuk mesle\u011finin itibar\u0131n\u0131n ve sayg\u0131nl\u0131\u011f\u0131n\u0131n korunmas\u0131na, hukuk e\u011fitiminden ba\u015flayarak hukuk\u00e7unun mesle\u011fini ifa etmesinde, emeklilik de dahil t\u00fcm s\u00fcre\u00e7lerde mesle\u011fin onuruna yak\u0131\u015f\u0131r sosyal, ekonomik ve k\u00fclt\u00fcrel haklara sahip olmas\u0131 i\u00e7in \u00e7al\u0131\u015fmalar yapar. Hukuk hizmetinin toplumun her kesimine ula\u015fmas\u0131na, koruyucu hukuk hizmetinin ve hak arama bilincinin yayg\u0131nla\u015ft\u0131r\u0131lmas\u0131na, adaletin e\u015fit ve orant\u0131l\u0131 olarak da\u011f\u0131t\u0131lmas\u0131na, kad\u0131n hukuk\u00e7ular aras\u0131nda birlik, beraberlik, mesleki yard\u0131mla\u015fma ve dayan\u0131\u015fman\u0131n sa\u011flanmas\u0131na katk\u0131da bulunmak amac\u0131n\u0131 ta\u015f\u0131r.<\/p>\n<p>Kad\u0131n ve aileyi g\u00fc\u00e7lendirmek, toplumsal de\u011ferleri,\u00a0k\u00fclt\u00fcrel miraslar\u0131, \u00f6rf ve adetleri gelecek nesillere aktarmak, insan haklar\u0131 ve \u00f6zg\u00fcrl\u00fcklerinin kazan\u0131lmas\u0131n\u0131 ve korunmas\u0131n\u0131 sa\u011flamak temel ilkeleridir. Adil, ba\u011f\u0131ms\u0131z, d\u00fcr\u00fcst, g\u00fcvenilir, mesleki etik kurallara uyan, donan\u0131ml\u0131, \u00f6\u011frenme ve geli\u015fime a\u00e7\u0131k, yeteneklerini adaletin ger\u00e7ekle\u015fmesinde kullanacak hukuk\u00e7ular\u0131n yeti\u015fmesi ve bir araya gelmesi i\u00e7in \u00e7al\u0131\u015f\u0131r. Ulusal ve uluslararas\u0131 alanda hukuki geli\u015fmeleri takip ederek hukuk politikalar\u0131 olu\u015fturulmas\u0131na yard\u0131mc\u0131 olur. Kad\u0131n hukuk\u00e7ular\u0131n her a\u015famada desteklenmesi \u00f6ncelikli ama\u00e7t\u0131r.[\/vc_column_text][vc_empty_space height=&#8221;50px&#8221;][\/vc_column_inner][\/vc_row_inner][\/vc_column][\/vc_row]<\/p>\n","protected":false},"excerpt":{"rendered":"<p>[vc_row parallax_speed=&#8221;4&#8243; parallax_x=&#8221;4&#8243; parallax_y=&#8221;4&#8243;][vc_column][vc_row_inner][vc_column_inner][vc_gallery type=&#8221;flexslider_slide&#8221; interval=&#8221;3&#8243; images=&#8221;1803,2029&#8243; img_size=&#8221;872&#215;470&#8243; onclick=&#8221;&#8221;][vc_empty_space height=&#8221;25px&#8221;][vc_column_text] Uluslararas\u0131 Hukuk ve Kad\u0131n Derne\u011fi T\u00fcrk Hukuku\u2019nun geli\u015fmesine, T\u00fcrkiye\u2019de hukuk devleti ve hukukun \u00fcst\u00fcnl\u00fc\u011f\u00fc ilkesinin kurum ve kurallar\u0131yla yerle\u015fmesine, hukuk mesle\u011finin itibar\u0131n\u0131n ve sayg\u0131nl\u0131\u011f\u0131n\u0131n korunmas\u0131na, hukuk e\u011fitiminden ba\u015flayarak hukuk\u00e7unun mesle\u011fini ifa etmesinde, emeklilik de dahil t\u00fcm s\u00fcre\u00e7lerde mesle\u011fin onuruna yak\u0131\u015f\u0131r sosyal, [&hellip;]<\/p>\n","protected":false},"author":1,"featured_media":0,"parent":1719,"menu_order":0,"comment_status":"closed","ping_status":"closed","template":"tpl\/page_single.php","meta":[],"_links":{"self":[{"href":"http:\/\/www.uhukder.com\/index.php\/wp-json\/wp\/v2\/pages\/1697"}],"collection":[{"href":"http:\/\/www.uhukder.com\/index.php\/wp-json\/wp\/v2\/pages"}],"about":[{"href":"http:\/\/www.uhukder.com\/index.php\/wp-json\/wp\/v2\/types\/page"}],"author":[{"embeddable":true,"href":"http:\/\/www.uhukder.com\/index.php\/wp-json\/wp\/v2\/users\/1"}],"replies":[{"embeddable":true,"href":"http:\/\/www.uhukder.com\/index.php\/wp-json\/wp\/v2\/comments?post=1697"}],"version-history":[{"count":6,"href":"http:\/\/www.uhukder.com\/index.php\/wp-json\/wp\/v2\/pages\/1697\/revisions"}],"predecessor-version":[{"id":2111,"href":"http:\/\/www.uhukder.com\/index.php\/wp-json\/wp\/v2\/pages\/1697\/revisions\/2111"}],"up":[{"embeddable":true,"href":"http:\/\/www.uhukder.com\/index.php\/wp-json\/wp\/v2\/pages\/1719"}],"wp:attachment":[{"href":"http:\/\/www.uhukder.com\/index.php\/wp-json\/wp\/v2\/media?parent=1697"}],"curies":[{"name":"wp","href":"https:\/\/api.w.org\/{rel}","templated":true}]}}